{"id":876,"date":"2020-10-31T16:20:25","date_gmt":"2020-10-31T15:20:25","guid":{"rendered":"https:\/\/lecoindesarts.be\/?post_type=product&#038;p=876"},"modified":"2025-05-27T17:53:14","modified_gmt":"2025-05-27T15:53:14","slug":"celine-friandart","status":"publish","type":"product","link":"https:\/\/lecoindesarts.be\/index.php\/product\/celine-friandart\/","title":{"rendered":"C\u00e9line Friand&rsquo;Art"},"content":{"rendered":"<p class=\"p1\">Dipl\u00f4m\u00e9e en architecture d&rsquo;int\u00e9rieur, je suis passionn\u00e9e par le dessin depuis l&rsquo;enfance et apprends \u00e0 perfectionner ma technique d\u00e9but de l&rsquo;adolescence dans une acad\u00e9mie de quartier \u00e0 Jette. Je termine mes secondaires en technique de transition Art au Sacr\u00e9 C\u0153ur de Lindthout \u00e0 Bruxelles et me dirige ensuite vers l&rsquo;architecture d&rsquo;int\u00e9rieur \u00e0 St-Luc et puis au CAD.<\/p>\n<p class=\"p1\">Mes premiers sujets de pr\u00e9dilections sont les portraits dont j&rsquo;apprends les proportions, les ombres et lumi\u00e8res. Mais ce sont les nombreux carnets de croquis \u00e0 rendre chaque semaine qui aff\u00fbteront mon sens de l&rsquo;observation ainsi que l&rsquo;assurance et la rapidit\u00e9 de mon trait de crayon.<\/p>\n<p class=\"p1\">Je d\u00e9couvre la peinture \u00e0 l&rsquo;huile vers 18 ans que j&rsquo;adopte assez vite et apprend en autodidacte. Je m&rsquo;essaye alors aux natures mortes pour travailler les diff\u00e9rentes mati\u00e8res et puis \u00e0 l&rsquo;art abstrait pour trouver un moyen d&rsquo;expression plus personnel. Le pastel est une discipline qui est arriv\u00e9e plus tard dans ma vie. En m\u00eame temps que la cr\u00e9ation du magasin et des cours, je d\u00e9cide de me perfectionner et d&rsquo;apprendre le pastel sec afin de pouvoir l&rsquo;enseigner \u00e0 mes \u00e9l\u00e8ves.<\/p>\n<p class=\"p1\">Forte de plusieurs collaborations avec des aquarellistes, je travaille d\u00e9sormais aussi l&rsquo;aquarelle qui est devenu mon moyen d&rsquo;expression en tant qu&rsquo;artiste. J&rsquo;expose mes travaux r\u00e9guli\u00e8rement entre autre avec l&rsquo;Union des Artistes du Brabant Wallon (UAB) et fait partie du conseil d&rsquo;administration, et avec les Aquarellistes Francophones de Belgique (AFB) dont je suis membre depuis 2022.<\/p>\n<p class=\"p1\">Aujourd&rsquo;hui ma plus grande fiert\u00e9 est de pouvoir partager ma passion et mes connaissances avec vous.<\/p>\n<p>&nbsp;<\/p>\n<p>&nbsp;<\/p>\n<p><a href=\"https:\/\/www.facebook.com\/celine.friandppc.7\"><img loading=\"lazy\" decoding=\"async\" class=\"alignnone size-full wp-image-824\" src=\"https:\/\/lecoindesarts.be\/wp-content\/uploads\/2020\/10\/facebook.png\" alt=\"\" width=\"68\" height=\"68\" \/><\/a> \u00a0 \u00a0 \u00a0 <a href=\"https:\/\/www.instagram.com\/celine_friand_artiste\/\"><img loading=\"lazy\" decoding=\"async\" class=\"alignnone size-full wp-image-825\" src=\"https:\/\/lecoindesarts.be\/wp-content\/uploads\/2020\/10\/instagram.png\" alt=\"\" width=\"68\" height=\"68\" \/><\/a><\/p>\n<p>&nbsp;<\/p>\n<p class=\"p1\">ou sur son site :\u00a0<span class=\"s1\"><a href=\"http:\/\/www.celinefriandart.be\/\">http:\/\/www.celinefriandart.be\/<\/a><\/span><\/p>\n","protected":false},"excerpt":{"rendered":"<p class=\"p1\"><strong>Vous pouvez suivre C\u00e9line Friand sur les r\u00e9seaux sociaux :<\/strong><\/p>\n<p class=\"p2\"><span class=\"s1\"><a href=\"https:\/\/www.facebook.com\/celine.friandppc.7\"><img loading=\"lazy\" decoding=\"async\" class=\"alignnone size-full wp-image-824\" src=\"https:\/\/lecoindesarts.be\/wp-content\/uploads\/2020\/10\/facebook.png\" alt=\"\" width=\"68\" height=\"68\" \/><\/a><\/span><span class=\"s1\"><a href=\"https:\/\/www.instagram.com\/celine_friand_artiste\/\">\u00a0 \u00a0 \u00a0 \u00a0 <img loading=\"lazy\" decoding=\"async\" class=\"alignnone size-full wp-image-825\" src=\"https:\/\/lecoindesarts.be\/wp-content\/uploads\/2020\/10\/instagram.png\" alt=\"\" width=\"68\" height=\"68\" \/><\/a><\/span><\/p>\n","protected":false},"author":2,"featured_media":1929,"template":"","meta":[],"product_cat":[129,126],"product_tag":[],"class_list":["post-876","product","type-product","status-publish","has-post-thumbnail","hentry","product_cat-artiste","product_cat-celine-friand"],"_links":{"self":[{"href":"https:\/\/lecoindesarts.be\/index.php\/wp-json\/wp\/v3\/product\/876","targetHints":{"allow":["GET"]}}],"collection":[{"href":"https:\/\/lecoindesarts.be\/index.php\/wp-json\/wp\/v3\/product"}],"about":[{"href":"https:\/\/lecoindesarts.be\/index.php\/wp-json\/wp\/v2\/types\/product"}],"author":[{"embeddable":true,"href":"https:\/\/lecoindesarts.be\/index.php\/wp-json\/wp\/v2\/users\/2"}],"wp:featuredmedia":[{"embeddable":true,"href":"https:\/\/lecoindesarts.be\/index.php\/wp-json\/wp\/v2\/media\/1929"}],"wp:attachment":[{"href":"https:\/\/lecoindesarts.be\/index.php\/wp-json\/wp\/v2\/media?parent=876"}],"wp:term":[{"taxonomy":"product_cat","embeddable":true,"href":"https:\/\/lecoindesarts.be\/index.php\/wp-json\/wp\/v2\/product_cat?post=876"},{"taxonomy":"product_tag","embeddable":true,"href":"https:\/\/lecoindesarts.be\/index.php\/wp-json\/wp\/v2\/product_tag?post=876"}],"curies":[{"name":"wp","href":"https:\/\/api.w.org\/{rel}","templated":true}]}}