{"id":737,"date":"2020-09-21T16:56:38","date_gmt":"2020-09-21T14:56:38","guid":{"rendered":"http:\/\/lecoindesarts.be\/?post_type=product&#038;p=737"},"modified":"2026-02-12T17:44:10","modified_gmt":"2026-02-12T16:44:10","slug":"stage-pastel-carnaval-de-venise","status":"publish","type":"product","link":"https:\/\/lecoindesarts.be\/index.php\/product\/stage-pastel-carnaval-de-venise\/","title":{"rendered":"\u00ab\u00a0Carnaval de Venise\u00a0\u00bb(14\/03\/2026)"},"content":{"rendered":"<p class=\"p1\" style=\"text-align: left;\"><b>Public\u00a0: Adultes<\/b><\/p>\n<p class=\"p1\" style=\"text-align: left;\"><b>Horaire : de 13h30 \u00e0 17h00<\/b><\/p>\n<p><strong>Niveau : Moyen \u00e0 confirm\u00e9 !<\/strong><\/p>\n<p class=\"p1\" style=\"text-align: left;\">Bienvenue au stage de pastel sec avec\u00a0<a href=\"http:\/\/lecoindesarts.be\/index.php\/celine-friand\/\">C\u00e9line Friand.<\/a><\/p>\n<p class=\"p1\" style=\"text-align: left;\">Lors de ce stage, nous travaillerons sur papier noir (Canson Mi-teinte Touch) que l&rsquo;on essayera au maximum de pr\u00e9server autour de notre dessin.<\/p>\n<p style=\"text-align: left;\">Nous profiterons \u00e9galement du grain du papier pour donner la texture du cuir et nous apprendrons \u00e0 rendre les fils et d\u00e9corations dor\u00e9es.<\/p>\n<p style=\"text-align: left;\">Un sujet complet, qui vous fera travailler autant les contrastes entre les couleur que ceux des textures, Le tout avec pr\u00e9cision.<\/p>\n<p class=\"p1\" style=\"text-align: left;\"><em>Mat\u00e9riel n\u00e9cessaire : Des pastels secs en b\u00e2ton et en crayon (type Rembrandt, CarbOthello,&#8230;).<br \/>\nLe papier, les chevalets et du fixatif seront mis \u00e0 votre disposition.<\/em><\/p>\n<p class=\"p1\" style=\"text-align: left;\">Prix : 54 \u20ac<\/p>\n","protected":false},"excerpt":{"rendered":"<p>Public\u00a0: Adultes Horaire : de 13h30 \u00e0 17h00 Niveau : Moyen \u00e0 confirm\u00e9 ! Bienvenue au stage de pastel sec avec\u00a0C\u00e9line Friand. Lors de ce stage, nous travaillerons sur papier noir (Canson Mi-teinte Touch) que l&rsquo;on essayera au maximum de [&hellip;]<\/p>\n","protected":false},"author":2,"featured_media":2156,"template":"","meta":[],"product_cat":[126,121],"product_tag":[],"class_list":["post-737","product","type-product","status-publish","has-post-thumbnail","hentry","product_cat-celine-friand","product_cat-stage-pastel-sec"],"_links":{"self":[{"href":"https:\/\/lecoindesarts.be\/index.php\/wp-json\/wp\/v3\/product\/737","targetHints":{"allow":["GET"]}}],"collection":[{"href":"https:\/\/lecoindesarts.be\/index.php\/wp-json\/wp\/v3\/product"}],"about":[{"href":"https:\/\/lecoindesarts.be\/index.php\/wp-json\/wp\/v2\/types\/product"}],"author":[{"embeddable":true,"href":"https:\/\/lecoindesarts.be\/index.php\/wp-json\/wp\/v2\/users\/2"}],"wp:featuredmedia":[{"embeddable":true,"href":"https:\/\/lecoindesarts.be\/index.php\/wp-json\/wp\/v2\/media\/2156"}],"wp:attachment":[{"href":"https:\/\/lecoindesarts.be\/index.php\/wp-json\/wp\/v2\/media?parent=737"}],"wp:term":[{"taxonomy":"product_cat","embeddable":true,"href":"https:\/\/lecoindesarts.be\/index.php\/wp-json\/wp\/v2\/product_cat?post=737"},{"taxonomy":"product_tag","embeddable":true,"href":"https:\/\/lecoindesarts.be\/index.php\/wp-json\/wp\/v2\/product_tag?post=737"}],"curies":[{"name":"wp","href":"https:\/\/api.w.org\/{rel}","templated":true}]}}