{"id":526,"date":"2020-08-30T00:54:03","date_gmt":"2020-08-29T22:54:03","guid":{"rendered":"http:\/\/lecoindesarts.be\/?post_type=product&#038;p=526"},"modified":"2026-02-17T13:43:27","modified_gmt":"2026-02-17T12:43:27","slug":"cours-de-dessin-ados-samedi-de-10h30-a-12h","status":"publish","type":"product","link":"https:\/\/lecoindesarts.be\/index.php\/product\/cours-de-dessin-ados-samedi-de-10h30-a-12h\/","title":{"rendered":"Cours de dessin ados d\u00e9butants\/\/ Samedi de 10h30 \u00e0 12h"},"content":{"rendered":"<p class=\"p1\" style=\"text-align: left;\"><strong>Bienvenue au cours de dessin donn\u00e9 par <a href=\"http:\/\/lecoindesarts.be\/index.php\/celine-friand\/\">C\u00e9line Friand<\/a>.<\/strong><\/p>\n<p class=\"p1\" style=\"text-align: left;\">Au programme\u00a0:<\/p>\n<p class=\"p1\" style=\"text-align: left;\"><strong>Premier trimestre : \u00ab Natures mortes \u00bb \u00e0 partir du 27\/09\/25<\/strong><\/p>\n<p class=\"p1\" style=\"text-align: left;\">A l&rsquo;aide d&rsquo;objets r\u00e9els, vous apprendrez \u00e0 prendre vos proportions, \u00e0 travailler en changeant d&rsquo;\u00e9chelle, \u00e0 rendre les ombres et lumi\u00e8res en fonctions des diff\u00e9rents mat\u00e9riaux travaill\u00e9 (verre, m\u00e9tal, tissus,&#8230;),<\/p>\n<p class=\"p1\" style=\"text-align: left;\">la perspective des objets ainsi que les notions de contraste et de valeur. Nous travaillerons essentiellement en noir et blanc.<\/p>\n<p class=\"p1\" style=\"text-align: left;\"><em>Mat\u00e9riel n\u00e9cessaire\u00a0:<\/em><\/p>\n<p class=\"p1\" style=\"text-align: left;\">3 crayons graphites\u00a0: 4H, HB et 4B, des fusains tendres, une estompe, un affutoir, un stylo gomme et une gomme \u00ab\u00a0Mie de pain\u00a0\u00bb, un bloc de feuille de dessin \u00e0 grain A3 180gr.<\/p>\n<p class=\"p1\" style=\"text-align: left;\"><strong>Deuxi\u00e8me trimestre : \u00ab Corps humain \u00bb \u00e0 partir du 10\/01\/26<\/strong><\/p>\n<p class=\"p1\" style=\"text-align: left;\">Lors de ce trimestre vous apprendrez toutes les proportions du visage et du corps en g\u00e9n\u00e9ral. Nous travaillerons, le portrait de face, de 3\/4 et de profil, les bustes, les mains,&#8230;<\/p>\n<p class=\"p1\" style=\"text-align: left;\">toujours les ombres et lumi\u00e8res et les notions de contrastes et valeurs vus au 1er trimestre. Nous travaillerons de plus en plus en techniques s\u00e8ches mais dans des tons naturel ainsi qu&rsquo;en n\u00e9gatif.<\/p>\n<p class=\"p1\" style=\"text-align: left;\"><em>Mat\u00e9riel n\u00e9cessaire\u00a0:<\/em><\/p>\n<p class=\"p1\" style=\"text-align: left;\">En crayon ou b\u00e2ton\u00a0\u00ab\u00a0sec\u00a0\u00bb\u00a0: Sanguine, S\u00e9pia, Bistre, Sienne br\u00fbl\u00e9e, Ocre, Blanc et Noir\u00a0. Mais aussi du fusain tendre et une gomme \u00ab\u00a0Mie de pain\u00a0\u00bb (1er trimestre)<\/p>\n<p class=\"p1\" style=\"text-align: left;\"><strong>Troisi\u00e8me trimestre : \u00ab Nature et paysages \u00bb \u00e0 partir du 04\/04\/26<\/strong><\/p>\n<p class=\"p1\" style=\"text-align: left;\">Nous voil\u00e0 plong\u00e9 dans la couleur. Vous apprendrez les diff\u00e9rentes \u00e9tapes \u00e0 respecter en pastel sec et \u00e0 quoi sert le cercle chromatique.<\/p>\n<p class=\"p1\" style=\"text-align: left;\">Mais surtout comment rendre la profondeur dans un paysage, le pelage d&rsquo;un animal, la texture des nuages, des fleurs, de l&rsquo;eau,&#8230;<\/p>\n<p class=\"p1\" style=\"text-align: left;\"><em>Mat\u00e9riel n\u00e9cessaire\u00a0:<\/em><\/p>\n<p class=\"p1\" style=\"text-align: left;\">Une bo\u00eete de 30 demi pastels Rembrandt et une gomme \u00ab Mie de pain \u00bb, une estompe, un affutoir (1er trimestre)<\/p>\n<p>&nbsp;<\/p>\n<p class=\"p1\" style=\"text-align: left;\"><strong>Prix <\/strong>: 657\u20ac\/an <strong>ou<\/strong> 219\u20ac\/trimestre <strong>ou<\/strong> 73\u20ac\/mois <em>(ATTENTION, l&rsquo;inscription est <strong>annuelle<\/strong>, lisez bien les <a href=\"http:\/\/lecoindesarts.be\/index.php\/conditions-generales-de-ventes\/\">conditions g\u00e9n\u00e9rales<\/a>! )<\/em><\/p>\n<p class=\"p1\" style=\"text-align: left;\">L&rsquo;inscription aux cours du \u00ab\u00a0Coin des Arts\u00a0\u00bb ne sera valid\u00e9e qu&rsquo;\u00e0 la r\u00e9ception minimum d&rsquo;un<strong> acompte de 50\u20ac<\/strong>.<\/p>\n<p class=\"p1\" style=\"text-align: left;\">Le solde sera pay\u00e9 au plus tard lors du premier cours de chaque ann\u00e9e, trimestre ou mois en fonction du paiement choisi.<\/p>\n<p class=\"p1\" style=\"text-align: left;\"><strong>Prix du mat\u00e9riel<\/strong> : 35\u20ac\/trimestre (uniquement la premi\u00e8re ann\u00e9e de cours)<\/p>\n<p style=\"text-align: left;\"><em>Si vous ne poss\u00e9dez pas le mat\u00e9riel demand\u00e9, il vous sera fourni pour 35\u20ac. <\/em><\/p>\n<p style=\"text-align: left;\"><em>Sachez \u00e9galement qu&rsquo;aussi longtemps que vous serez \u00e9l\u00e8ve, vous b\u00e9n\u00e9ficierez de 10% de remise sur le mat\u00e9riel en magasin.<\/em><\/p>\n","protected":false},"excerpt":{"rendered":"<p class=\"p1\" style=\"text-align: left;\">Lors de cette ann\u00e9e nous travaillerons : Les natures mortes, le corps humain, la nature et les paysages.<\/p>\n","protected":false},"author":2,"featured_media":1573,"template":"","meta":[],"product_cat":[126,123],"product_tag":[],"class_list":["post-526","product","type-product","status-publish","has-post-thumbnail","hentry","product_cat-celine-friand","product_cat-cours-dessin-ado"],"_links":{"self":[{"href":"https:\/\/lecoindesarts.be\/index.php\/wp-json\/wp\/v3\/product\/526","targetHints":{"allow":["GET"]}}],"collection":[{"href":"https:\/\/lecoindesarts.be\/index.php\/wp-json\/wp\/v3\/product"}],"about":[{"href":"https:\/\/lecoindesarts.be\/index.php\/wp-json\/wp\/v2\/types\/product"}],"author":[{"embeddable":true,"href":"https:\/\/lecoindesarts.be\/index.php\/wp-json\/wp\/v2\/users\/2"}],"wp:featuredmedia":[{"embeddable":true,"href":"https:\/\/lecoindesarts.be\/index.php\/wp-json\/wp\/v2\/media\/1573"}],"wp:attachment":[{"href":"https:\/\/lecoindesarts.be\/index.php\/wp-json\/wp\/v2\/media?parent=526"}],"wp:term":[{"taxonomy":"product_cat","embeddable":true,"href":"https:\/\/lecoindesarts.be\/index.php\/wp-json\/wp\/v2\/product_cat?post=526"},{"taxonomy":"product_tag","embeddable":true,"href":"https:\/\/lecoindesarts.be\/index.php\/wp-json\/wp\/v2\/product_tag?post=526"}],"curies":[{"name":"wp","href":"https:\/\/api.w.org\/{rel}","templated":true}]}}