{"id":1967,"date":"2024-09-10T15:13:45","date_gmt":"2024-09-10T13:13:45","guid":{"rendered":"https:\/\/lecoindesarts.be\/?post_type=product&#038;p=1967"},"modified":"2026-02-17T14:58:24","modified_gmt":"2026-02-17T13:58:24","slug":"stage-pastel-balade-romantique","status":"publish","type":"product","link":"https:\/\/lecoindesarts.be\/index.php\/product\/stage-pastel-balade-romantique\/","title":{"rendered":"\u00ab\u00a0Balade romantique\u00a0\u00bb (14\/02\/2026)"},"content":{"rendered":"<p><strong>Public : A partir de 16 ans<\/strong><\/p>\n<p>Horaire : de 14h \u00e0 17h<\/p>\n<p>Bienvenue au stage de pastel sec avec C\u00e9line Friand.<\/p>\n<p style=\"text-align: left;\">Pour ce stage nous seront sur carton toil\u00e9, pr\u00e9par\u00e9 pr\u00e9alablement au Gesso pastel.<\/p>\n<p style=\"text-align: left;\">Cela nous facilitera la t\u00e2che pour exprimer la rugosit\u00e9 et l&rsquo;asp\u00e9rit\u00e9 de la roche ainsi que la force du courant de la cascade.<\/p>\n<p><em>Mat\u00e9riel n\u00e9cessaire : Des pastels secs en b\u00e2ton (Rembrandt ou autre), quelques pastels tendres type Sennelier seraient un plus.<br \/>\nLe carton \u00e0 peindre 30&#215;40 cm avec le Gesso sera fourni, les chevalets et fixatifs mis \u00e0 votre disposition<\/em>.<\/p>\n<p>Prix : 59 \u20ac<\/p>\n","protected":false},"excerpt":{"rendered":"<p>Public : A partir de 16 ans Horaire : de 14h \u00e0 17h Bienvenue au stage de pastel sec avec C\u00e9line Friand. Pour ce stage nous seront sur carton toil\u00e9, pr\u00e9par\u00e9 pr\u00e9alablement au Gesso pastel. Cela nous facilitera la t\u00e2che [&hellip;]<\/p>\n","protected":false},"author":2,"featured_media":2149,"template":"","meta":[],"product_cat":[126,121],"product_tag":[],"class_list":["post-1967","product","type-product","status-publish","has-post-thumbnail","hentry","product_cat-celine-friand","product_cat-stage-pastel-sec"],"_links":{"self":[{"href":"https:\/\/lecoindesarts.be\/index.php\/wp-json\/wp\/v3\/product\/1967","targetHints":{"allow":["GET"]}}],"collection":[{"href":"https:\/\/lecoindesarts.be\/index.php\/wp-json\/wp\/v3\/product"}],"about":[{"href":"https:\/\/lecoindesarts.be\/index.php\/wp-json\/wp\/v2\/types\/product"}],"author":[{"embeddable":true,"href":"https:\/\/lecoindesarts.be\/index.php\/wp-json\/wp\/v2\/users\/2"}],"wp:featuredmedia":[{"embeddable":true,"href":"https:\/\/lecoindesarts.be\/index.php\/wp-json\/wp\/v2\/media\/2149"}],"wp:attachment":[{"href":"https:\/\/lecoindesarts.be\/index.php\/wp-json\/wp\/v2\/media?parent=1967"}],"wp:term":[{"taxonomy":"product_cat","embeddable":true,"href":"https:\/\/lecoindesarts.be\/index.php\/wp-json\/wp\/v2\/product_cat?post=1967"},{"taxonomy":"product_tag","embeddable":true,"href":"https:\/\/lecoindesarts.be\/index.php\/wp-json\/wp\/v2\/product_tag?post=1967"}],"curies":[{"name":"wp","href":"https:\/\/api.w.org\/{rel}","templated":true}]}}