{"id":1591,"date":"2023-05-23T15:25:14","date_gmt":"2023-05-23T13:25:14","guid":{"rendered":"https:\/\/lecoindesarts.be\/?post_type=product&#038;p=1591"},"modified":"2025-09-09T16:29:00","modified_gmt":"2025-09-09T14:29:00","slug":"cours-aquarelle-samedi-de-14h-a-17h","status":"publish","type":"product","link":"https:\/\/lecoindesarts.be\/index.php\/product\/cours-aquarelle-samedi-de-14h-a-17h\/","title":{"rendered":"Cours Aquarelle d\u00e9butant \/\/ Samedi de 14h \u00e0 17h"},"content":{"rendered":"<p class=\"p1\" style=\"text-align: center;\"><strong>Bienvenue au cours d&rsquo;aquarelle d\u00e9butant donn\u00e9 par <a href=\"https:\/\/www.celinefriandart.be\/\" target=\"_blank\" rel=\"noopener\">C\u00e9line Friand<\/a><\/strong><\/p>\n<p style=\"text-align: left;\"><strong>Public : A partir de 16 ans<\/strong><\/p>\n<p style=\"text-align: left;\">Ces cours se d\u00e9rouleront de 14h \u00e0 17h, un samedi sur deux.<\/p>\n<p class=\"p1\" style=\"text-align: left;\">Au programme\u00a0:<\/p>\n<p class=\"p1\" style=\"text-align: left;\"><strong>Premier trimestre : \u00ab Les bases \u00bb<\/strong><\/p>\n<p class=\"p1\" style=\"text-align: left;\">Lors de ce trimestre, sur base de sujets simples, nous verrons comment faire un Lavis, comment pr\u00e9server ses blancs, la gestion de l&rsquo;eau et des pigments, le m\u00e9lange des couleurs.<br \/>\nDates : 20\/09, 04\/10, 18\/10, 15\/11, 29\/11 et 13\/12\/2025<\/p>\n<p class=\"p1\" style=\"text-align: left;\"><strong>Deuxi\u00e8me trimestre : \u00ab Textures \u00e0 l&rsquo;aquarelle \u00bb<\/strong><\/p>\n<p class=\"p1\" style=\"text-align: left;\">Sur base du premier trimestre, nous irons vers des sujets plus textur\u00e9s et plus pr\u00e9cis afin d&rsquo;aiguiser notre coup de pinceau. Nous verrons aussi plusieurs outils qui nous aiderons \u00e0 apporter de la textures (cellophane, sel,&#8230;).<br \/>\nDates : 10\/01, 24\/01, 07\/02, 07\/03 et le 21\/03\/2026 (cour suppl\u00e9mentaire le 21\/02 avec les \u00e9l\u00e8ves du jeudi).<\/p>\n<p class=\"p1\" style=\"text-align: left;\"><strong>Troisi\u00e8me trimestre : \u00ab Exp\u00e9riences \u00e0 l&rsquo;aquarelle \u00bb<\/strong><\/p>\n<p class=\"p1\" style=\"text-align: left;\">Enfin, nous diversifierons les exp\u00e9riences : diff\u00e9rent papier comme les papiers noirs, polypropyl\u00e8nes, bambou,&#8230; mais aussi en techniques mixtes avec du pastel, des feutres ou crayons aquarelle.<br \/>\nDates : 04\/04, 18\/04, 16\/05, 30\/05, 13\/06 et 27\/06\/2026<\/p>\n<p class=\"p1\" style=\"text-align: left;\"><strong>Prix <\/strong>: 657\u20ac\/an <strong>ou<\/strong> 219\u20ac\/trimestre <strong>ou<\/strong> 73\u20ac\/mois <em>(ATTENTION! L&rsquo;inscription est annuelle lisez bien les<a href=\"http:\/\/lecoindesarts.be\/index.php\/conditions-generales-de-ventes\/\"> conditions g\u00e9n\u00e9rales<\/a>)<br \/>\nMat\u00e9riel n\u00e9cessaire : Bloc de papier coton 300gr grain fin A4 ou 23x31cm, carnet Cellulose A5 ou18x24cm, bloc note et bic, pinceaux, crayon gris et gomme, palette, planche de support (A3).<\/em><\/p>\n<p style=\"text-align: left;\"><em>Les aquarelles Isaro seront mises \u00e0 votre disposition.<\/em><\/p>\n<p class=\"p1\" style=\"text-align: left;\">L&rsquo;inscription aux cours du \u00ab\u00a0Coin des Arts\u00a0\u00bb ne sera valid\u00e9e qu&rsquo;\u00e0 la r\u00e9ception minimum d&rsquo;un acompte de 50\u20ac.<\/p>\n<p class=\"p1\" style=\"text-align: left;\">Le solde sera pay\u00e9 au plus tard lors du premier cours..<\/p>\n<p style=\"text-align: left;\"><em>Sachez \u00e9galement qu&rsquo;aussi longtemps que vous serez \u00e9l\u00e8ve, vous b\u00e9n\u00e9ficierez de 10% de remise sur le mat\u00e9riel en magasin.<\/em><\/p>\n","protected":false},"excerpt":{"rendered":"<p class=\"p1\">L&rsquo;inscription aux cours du \u00ab\u00a0Coin des Arts\u00a0\u00bb ne sera valid\u00e9e qu&rsquo;\u00e0 la r\u00e9ception minimum d&rsquo;un acompte de 50\u20ac sur le trimestre. Le solde sera pay\u00e9 au plus tard lors du premier cours de chaque trimestre.<\/p>\n","protected":false},"author":2,"featured_media":1894,"template":"","meta":[],"product_cat":[126,20,124,147],"product_tag":[],"class_list":["post-1591","product","type-product","status-publish","has-post-thumbnail","hentry","product_cat-celine-friand","product_cat-cours","product_cat-cours-dessin-adulte","product_cat-cours-pour-adultes"],"_links":{"self":[{"href":"https:\/\/lecoindesarts.be\/index.php\/wp-json\/wp\/v3\/product\/1591","targetHints":{"allow":["GET"]}}],"collection":[{"href":"https:\/\/lecoindesarts.be\/index.php\/wp-json\/wp\/v3\/product"}],"about":[{"href":"https:\/\/lecoindesarts.be\/index.php\/wp-json\/wp\/v2\/types\/product"}],"author":[{"embeddable":true,"href":"https:\/\/lecoindesarts.be\/index.php\/wp-json\/wp\/v2\/users\/2"}],"wp:featuredmedia":[{"embeddable":true,"href":"https:\/\/lecoindesarts.be\/index.php\/wp-json\/wp\/v2\/media\/1894"}],"wp:attachment":[{"href":"https:\/\/lecoindesarts.be\/index.php\/wp-json\/wp\/v2\/media?parent=1591"}],"wp:term":[{"taxonomy":"product_cat","embeddable":true,"href":"https:\/\/lecoindesarts.be\/index.php\/wp-json\/wp\/v2\/product_cat?post=1591"},{"taxonomy":"product_tag","embeddable":true,"href":"https:\/\/lecoindesarts.be\/index.php\/wp-json\/wp\/v2\/product_tag?post=1591"}],"curies":[{"name":"wp","href":"https:\/\/api.w.org\/{rel}","templated":true}]}}