{"id":1004,"date":"2021-08-25T12:10:37","date_gmt":"2021-08-25T10:10:37","guid":{"rendered":"https:\/\/lecoindesarts.be\/?post_type=product&#038;p=1004"},"modified":"2026-03-24T15:11:48","modified_gmt":"2026-03-24T14:11:48","slug":"stage-pastel-labeille-qui-butine","status":"publish","type":"product","link":"https:\/\/lecoindesarts.be\/index.php\/product\/stage-pastel-labeille-qui-butine\/","title":{"rendered":"\u00ab\u00a0L&rsquo;abeille qui butine\u00a0\u00bb (11\/04\/2026)"},"content":{"rendered":"<p class=\"p1\" style=\"text-align: left;\"><strong>Public : A partir de 16 ans<\/strong><\/p>\n<p class=\"p1\" style=\"text-align: left;\"><strong>Horaires : 13h30 &#8211; 17h30<\/strong><\/p>\n<p class=\"p1\" style=\"text-align: left;\">Bienvenue aux stages donn\u00e9 par <a href=\"https:\/\/lecoindesarts.be\/index.php\/product\/celine-friand\/\">C\u00e9line Friand<\/a><\/p>\n<p style=\"text-align: left;\">Le fond flou de ce sujet sera fait \u00e0 l&rsquo;aquarelle, il y aura donc un petit temps de s\u00e9chage (n&rsquo;h\u00e9sitez pas \u00e0 prendre un s\u00e8che-cheveux).<\/p>\n<p style=\"text-align: left;\">Dans ce sujet, tir\u00e9 d&rsquo;une image en photo macro, nous apprendrons \u00e0 g\u00e9rer les flous et les nets en fonction de la focale.<\/p>\n<p style=\"text-align: left;\">La fleur de lavande et l&rsquo;abeille nous permettront de travailler les contrastes tant des mati\u00e8res que des couleurs compl\u00e9mentaires.<\/p>\n<p class=\"p3\" style=\"text-align: left;\"><em>Mat\u00e9riel n\u00e9cessaire : Des pastels secs en crayons en b\u00e2tons et en crayons, une estompe si n\u00e9cessaire, un pinceau aquarelle type mouilleur pas trop fin, une palette et un s\u00e8che-cheveux.<\/em><\/p>\n<p style=\"text-align: left;\">Le papier, l&rsquo;aquarelle, du tape, des chevalets et du fixatif seront mis \u00e0 votre disposition.<\/p>\n<p class=\"p3\" style=\"text-align: left;\">Prix : 59\u20ac<\/p>\n","protected":false},"excerpt":{"rendered":"<p>Public : A partir de 16 ans Horaires : 13h30 &#8211; 17h30 Bienvenue aux stages donn\u00e9 par C\u00e9line Friand Le fond flou de ce sujet sera fait \u00e0 l&rsquo;aquarelle, il y aura donc un petit temps de s\u00e9chage (n&rsquo;h\u00e9sitez pas [&hellip;]<\/p>\n","protected":false},"author":2,"featured_media":2164,"template":"","meta":[],"product_cat":[126,121],"product_tag":[],"class_list":["post-1004","product","type-product","status-publish","has-post-thumbnail","hentry","product_cat-celine-friand","product_cat-stage-pastel-sec"],"_links":{"self":[{"href":"https:\/\/lecoindesarts.be\/index.php\/wp-json\/wp\/v3\/product\/1004","targetHints":{"allow":["GET"]}}],"collection":[{"href":"https:\/\/lecoindesarts.be\/index.php\/wp-json\/wp\/v3\/product"}],"about":[{"href":"https:\/\/lecoindesarts.be\/index.php\/wp-json\/wp\/v2\/types\/product"}],"author":[{"embeddable":true,"href":"https:\/\/lecoindesarts.be\/index.php\/wp-json\/wp\/v2\/users\/2"}],"wp:featuredmedia":[{"embeddable":true,"href":"https:\/\/lecoindesarts.be\/index.php\/wp-json\/wp\/v2\/media\/2164"}],"wp:attachment":[{"href":"https:\/\/lecoindesarts.be\/index.php\/wp-json\/wp\/v2\/media?parent=1004"}],"wp:term":[{"taxonomy":"product_cat","embeddable":true,"href":"https:\/\/lecoindesarts.be\/index.php\/wp-json\/wp\/v2\/product_cat?post=1004"},{"taxonomy":"product_tag","embeddable":true,"href":"https:\/\/lecoindesarts.be\/index.php\/wp-json\/wp\/v2\/product_tag?post=1004"}],"curies":[{"name":"wp","href":"https:\/\/api.w.org\/{rel}","templated":true}]}}