{"id":806,"date":"2020-10-12T14:52:42","date_gmt":"2020-10-12T12:52:42","guid":{"rendered":"http:\/\/lecoindesarts.be\/?page_id=806"},"modified":"2025-03-13T17:44:29","modified_gmt":"2025-03-13T16:44:29","slug":"conditions-generales-de-ventes","status":"publish","type":"page","link":"https:\/\/lecoindesarts.be\/index.php\/conditions-generales-de-ventes\/","title":{"rendered":"Conditions g\u00e9n\u00e9rales de ventes"},"content":{"rendered":"<p>[vc_row][vc_column][vc_column_text]<span style=\"color: #555555;\"><span style=\"font-family: Cormorant Garamond, sans-serif;\"><span style=\"font-size: small;\"><i>A noter que lors de toutes inscriptions, l&rsquo;\u00e9l\u00e8ve accepte les conditions suivantes\u00a0:<\/i><\/span><\/span><\/span><\/p>\n<p><span style=\"font-size: small;\"><b>Conditions g\u00e9n\u00e9rales de prestation de service du \u00ab\u00a0Coin des arts\u00a0\u00bb Rue du M\u00e9nil 1, 1420 Braine-l&rsquo;Alleud, SRL Pierre Papiers Ciseaux.<\/b><\/span><\/p>\n<p><em><span style=\"font-size: small;\">Sauf conditions particuli\u00e8res convenues individuellement entre les parties et faisant l&rsquo;objet d&rsquo;un \u00e9crit, seules les conditions \u00e9nonc\u00e9es ci-dessous sont applicables, \u00e0 l&rsquo;exclusion de toutes autres.<\/span><\/em><\/p>\n<p><span style=\"font-size: small;\"><b>Concernant les cours et ateliers :<\/b><\/span><\/p>\n<ol>\n<li><span style=\"font-size: small;\">L&rsquo;inscription aux cours ou ateliers dispens\u00e9s par \u00ab\u00a0Le Coin des Arts\u00a0\u00bb est valable pour une ann\u00e9e acad\u00e9mique, d\u00e9butant de la derni\u00e8re semaine du mois de septembre et prenant fin la derni\u00e8re semaine du mois de juin.<\/span><\/li>\n<li><span style=\"font-size: small;\">La demande d&rsquo;inscription doit \u00eatre introduite par le biais du site internet ou, <\/span><strong><span style=\"font-size: small;\">si c&rsquo;est impossible<\/span><\/strong><span style=\"font-size: small;\">, par e-mail \u00e0 l&rsquo;adresse suivante : info@lecoindesarts.be avec vos coordonn\u00e9es compl\u00e8tes (nom du participant, adresse,<\/span><span style=\"font-size: small;\">e-mail et t\u00e9l\u00e9phone).<\/span><\/li>\n<li><span style=\"font-size: small;\">L&rsquo;inscription ne sera d\u00e9finitive qu&rsquo;\u00e0 compter de la r\u00e9ception minimum d&rsquo;un acompte de 50 \u20ac sur le compte bancaire du \u00ab\u00a0Coin des Arts\u00a0\u00bb dont les coordonn\u00e9es seront communiqu\u00e9es sur l&rsquo;accus\u00e9 de r\u00e9ception de la demande d&rsquo;inscription.<\/span><\/li>\n<li><span style=\"font-size: small;\">Le prix indiqu\u00e9 pour les cours ou ateliers donn\u00e9s au Coin des Arts est annuel, n\u00e9anmoins nous vous proposons de pouvoir payer de mani\u00e8re \u00e9chelonn\u00e9e par trimestre ou par mois. Votre choix de paiement devra \u00eatre mentionn\u00e9 lors de l&rsquo;inscription par e-mail et devra \u00eatre honor\u00e9 <b>au plus tard<\/b> soit pour le premier cours de l&rsquo;ann\u00e9e, soit le premier jour du trimestre ou du mois en fonction de l&rsquo;option choisie. Pour les paiement mensuel, merci de r\u00e9aliser un ordre permanent afin d&rsquo;\u00e9viter les oublis.<\/span><\/li>\n<li><span style=\"font-size: small;\">En cas de retard ou de d\u00e9faut de paiement, \u00ab\u00a0Le Coin des Arts\u00a0\u00bb se r\u00e9serve le droit de refuser l&rsquo;entr\u00e9e \u00e0 l&rsquo;\u00e9l\u00e8ve. Dans le cas o\u00f9 l&rsquo;\u00e9l\u00e8ve ne r\u00e9gularise pas sa situation; \u00ab\u00a0Le coin des Arts\u00a0\u00bb se r\u00e9serve le droit d&rsquo;appliquer les points suivant des conditions g\u00e9n\u00e9rales\u00a0:<\/span><\/li>\n<li><span style=\"font-size: small;\">En cas d&rsquo;annulation moins de 7 jours ouvrables avant le cours, celui-ci ne sera pas rembours\u00e9, et ce \u00e0 titre de d\u00e9dommagement.<\/span><\/li>\n<li><span style=\"font-size: small;\"><u>Sauf cas de force majeure, l&rsquo;\u00e9l\u00e8ve ne pourra annuler son inscription en cours d&rsquo;ann\u00e9e que moyennant la notification du cong\u00e9 15 jours avant la fin du trimestre en cours. A d\u00e9faut de respecter ce d\u00e9lai, une indemnit\u00e9 \u00e9quivalente au nombre de mois restant \u00e0 \u00e9choir sera due.<\/u><\/span><\/li>\n<li><span style=\"font-size: small;\"><u><b>En cas de non paiement des cours ou ateliers d\u00fbs, un premier rappel gratuit vous sera envoy\u00e9 par e-mail \u00e0 partir duquel, vous aurez 14 jours calendrier pour faire le versement sans frais suppl\u00e9mentaires. Au del\u00e0 de ce d\u00e9lais, chaque rappel suivant vous sera factur\u00e9 au tarif l\u00e9gal suivent\u00a0: deuxi\u00e8me rappel\u00a0: 5,00\u20ac, troisi\u00e8me rappel\u00a0: 6,00\u20ac et 7,50\u20ac \u00e0 partir du quatri\u00e8me rapel. Une indemnit\u00e9 forfaitaire de 20\u20ac vous sera \u00e9galement r\u00e9clam\u00e9e en suppl\u00e9ment pass\u00e9 ce d\u00e9lais de 14 jours calendrier. Le Coin des Arts se r\u00e9serve le droit de faire appel \u00e0 son syndicat (SNI) et d&rsquo;entamer des poursuites judiciaires en cas de non paiement au del\u00e0 du quatri\u00e8me rappel.<\/b><\/u><\/span><\/li>\n<li><span style=\"font-size: small;\">Dans le cas o\u00f9 le professeur charg\u00e9 du cours se voit contraint d&rsquo;annuler celui-ci, \u00ab\u00a0Le Coin de arts\u00a0\u00bb proposera soit le remplacement du cours \u00e0 une autre date, soit le remboursement du cours concern\u00e9.<\/span><\/li>\n<\/ol>\n<p><span style=\"font-size: small;\"><b>Concernant Les stages :<\/b><\/span><\/p>\n<ol>\n<li><span style=\"font-size: small;\">L&rsquo;inscription aux stages doit \u00eatre introduite par le biais du site internet ou, <\/span><strong><span style=\"font-size: small;\">si c&rsquo;est impossible<\/span><\/strong><span style=\"font-size: small;\">, par e-mail \u00e0 l&rsquo;adresse suivante : info@lecoindesarts.be avec vos coordonn\u00e9es compl\u00e8tes (adresse, e-mail et t\u00e9l\u00e9phone).<\/span><\/li>\n<li><span style=\"font-size: small;\">L&rsquo;inscription aux stages ou atelier d&rsquo;un apr\u00e8s-midi au \u00ab\u00a0Coin des Arts\u00a0\u00bb ne sera valid\u00e9e qu&rsquo;\u00e0 la r\u00e9ception du montant total de celui-ci.<\/span><\/li>\n<li><span style=\"font-size: small;\">L&rsquo;inscription aux stages de plusieurs jours au \u00ab\u00a0Coin des arts\u00a0\u00bb ne sera valid\u00e9e qu&rsquo;\u00e0 la r\u00e9ception d&rsquo;un acompte minium de 50 \u20ac. Le solde sera pay\u00e9 au plus tard lors du premier jour de stage.<\/span><\/li>\n<li><span style=\"font-size: small;\">Pour toute annulation moins de 7 jours ouvrables avant le d\u00e9but du stage, le montant pay\u00e9 ne fera l&rsquo;objet d&rsquo;aucun remboursement, et ce \u00e0 titre de d\u00e9dommagement (sauf si un rempla\u00e7ant est propos\u00e9).<\/span><\/li>\n<li><span style=\"font-size: small;\">En cas de retard ou de d\u00e9faut de paiement, \u00ab\u00a0Le Coin des arts\u00a0\u00bb se r\u00e9serve le droit de refuser l&rsquo;entr\u00e9e \u00e0 l&rsquo;\u00e9l\u00e8ve.<\/span><\/li>\n<li><span style=\"font-size: small;\"><u><b>En cas de non paiement des stages ou ateliers d\u00fbs, un premier rappel gratuit vous sera envoy\u00e9 par e-mail \u00e0 partir duquel, vous aurez 14 jours calendrier pour faire le versement sans frais suppl\u00e9mentaires. Au del\u00e0 de ce d\u00e9lais, chaque rappel suivant vous sera factur\u00e9 au tarif l\u00e9gal suivent\u00a0: deuxi\u00e8me rappel\u00a0: 5,00\u20ac, troisi\u00e8me rappel\u00a0: 6,00\u20ac et 7,50\u20ac \u00e0 partir du quatri\u00e8me rapel. Une indemnit\u00e9 forfaitaire de 20\u20ac vous sera \u00e9galement r\u00e9clam\u00e9e en suppl\u00e9ment pass\u00e9 ce d\u00e9lais. Le Coin des Arts se r\u00e9serve le droit de faire appel \u00e0 son syndicat (SNI) et d&rsquo;entamer des poursuites judiciaires en cas de non paiement au del\u00e0 du quatri\u00e8me rappel.<\/b><\/u><\/span><\/li>\n<li><span style=\"font-size: small;\">Dans le cas o\u00f9 le professeur charg\u00e9 du stage se voit contraint d&rsquo;annuler celui-ci, \u00ab\u00a0Le Coin des Arts\u00a0\u00bb proposera soit de postposer la somme \u00e0 un autre stage soit le remboursement.<\/span><\/li>\n<\/ol>\n<p>&nbsp;<\/p>\n<p><span style=\"font-size: small;\">Tous droits r\u00e9serv\u00e9s &#8211; Pierre Papiers Ciseaux SRL &#8211; 2025<\/span>[\/vc_column_text][\/vc_column][\/vc_row]<\/p>\n","protected":false},"excerpt":{"rendered":"<p>[vc_row][vc_column][vc_column_text]A noter que lors de toutes inscriptions, l&rsquo;\u00e9l\u00e8ve accepte les conditions suivantes\u00a0: Conditions g\u00e9n\u00e9rales de prestation de service du \u00ab\u00a0Coin des arts\u00a0\u00bb Rue du M\u00e9nil 1, 1420 Braine-l&rsquo;Alleud, SRL Pierre Papiers Ciseaux. Sauf conditions particuli\u00e8res convenues individuellement entre les parties [&hellip;]<\/p>\n","protected":false},"author":2,"featured_media":0,"parent":0,"menu_order":0,"comment_status":"closed","ping_status":"closed","template":"","meta":{"footnotes":""},"class_list":["post-806","page","type-page","status-publish","hentry"],"_links":{"self":[{"href":"https:\/\/lecoindesarts.be\/index.php\/wp-json\/wp\/v2\/pages\/806","targetHints":{"allow":["GET"]}}],"collection":[{"href":"https:\/\/lecoindesarts.be\/index.php\/wp-json\/wp\/v2\/pages"}],"about":[{"href":"https:\/\/lecoindesarts.be\/index.php\/wp-json\/wp\/v2\/types\/page"}],"author":[{"embeddable":true,"href":"https:\/\/lecoindesarts.be\/index.php\/wp-json\/wp\/v2\/users\/2"}],"replies":[{"embeddable":true,"href":"https:\/\/lecoindesarts.be\/index.php\/wp-json\/wp\/v2\/comments?post=806"}],"version-history":[{"count":11,"href":"https:\/\/lecoindesarts.be\/index.php\/wp-json\/wp\/v2\/pages\/806\/revisions"}],"predecessor-version":[{"id":2043,"href":"https:\/\/lecoindesarts.be\/index.php\/wp-json\/wp\/v2\/pages\/806\/revisions\/2043"}],"wp:attachment":[{"href":"https:\/\/lecoindesarts.be\/index.php\/wp-json\/wp\/v2\/media?parent=806"}],"curies":[{"name":"wp","href":"https:\/\/api.w.org\/{rel}","templated":true}]}}