{"id":693,"date":"2020-09-13T17:48:31","date_gmt":"2020-09-13T15:48:31","guid":{"rendered":"http:\/\/lecoindesarts.be\/?page_id=693"},"modified":"2024-07-10T13:34:01","modified_gmt":"2024-07-10T11:34:01","slug":"les-cours-adolescent","status":"publish","type":"page","link":"https:\/\/lecoindesarts.be\/index.php\/les-cours-adolescent\/","title":{"rendered":"Les Cours de dessin pour enfants &#038; ados"},"content":{"rendered":"<p>[vc_row gap=\u00a0\u00bb15&Prime; svg_background=\u00a0\u00bb%5B%7B%7D%5D\u00a0\u00bb][vc_column][vc_column_text]<\/p>\n<h1>Nos cours de dessin pour enfants &amp; ados&#8230;<\/h1>\n<p>[\/vc_column_text]<div class=\"woocommerce columns-3 \"><ul class=\"products columns-3\">\n<li class=\"product type-product post-525 status-publish first outofstock product_cat-celine-friand product_cat-cours-dessin-ado has-post-thumbnail taxable shipping-taxable purchasable product-type-simple\">\n\t<div class=\"mkdf-pl-inner\"><div class=\"mkdf-pl-image\"><span class=\"mkdf-sold\">Sold<\/span><div class=\"mkdf-pl-text\"><div class=\"mkdf-pl-text-outer\"><div class=\"mkdf-pl-text-inner\"><a href=\"https:\/\/lecoindesarts.be\/index.php\/product\/cours-de-dessin-ados-mercredi-de-14h-a-15h30\/\" data-quantity=\"1\" class=\"button wp-element-button product_type_simple\" data-product_id=\"525\" data-product_sku=\"\" aria-label=\"Read more about &ldquo;Cours de dessin ados d\u00e9butants\/\/ Mercredi de 15h30 \u00e0 17h&rdquo;\" rel=\"nofollow\">Read more<\/a><\/div><\/div><\/div><\/div><\/div><div class=\"mkdf-pl-text-wrapper\"><div class=\"mkdf-pl-author-holder\"><a href=\"https:\/\/lecoindesarts.be\/index.php\/author\/celine-friand\/\">Le Coin des Arts<\/a><\/div><h5 class=\"mkdf-product-list-title\"><a href=\"https:\/\/lecoindesarts.be\/index.php\/product\/cours-de-dessin-ados-mercredi-de-14h-a-15h30\/\">Cours de dessin ados d\u00e9butants\/\/ Mercredi de 15h30 \u00e0 17h<\/a><\/h5>\n\t<span class=\"price\"><span class=\"woocommerce-Price-amount amount\"><bdi><span class=\"woocommerce-Price-currencySymbol\">&euro;<\/span>657,00<\/bdi><\/span><\/span>\n<\/div><a href=\"https:\/\/lecoindesarts.be\/index.php\/product\/cours-de-dessin-ados-mercredi-de-14h-a-15h30\/\" class=\"woocommerce-LoopProduct-link woocommerce-loop-product__link\"><\/a><\/li><li class=\"product type-product post-526 status-publish outofstock product_cat-celine-friand product_cat-cours-dessin-ado has-post-thumbnail taxable shipping-taxable purchasable product-type-simple\">\n\t<div class=\"mkdf-pl-inner\"><div class=\"mkdf-pl-image\"><span class=\"mkdf-sold\">Sold<\/span><div class=\"mkdf-pl-text\"><div class=\"mkdf-pl-text-outer\"><div class=\"mkdf-pl-text-inner\"><a href=\"https:\/\/lecoindesarts.be\/index.php\/product\/cours-de-dessin-ados-samedi-de-10h30-a-12h\/\" data-quantity=\"1\" class=\"button wp-element-button product_type_simple\" data-product_id=\"526\" data-product_sku=\"\" aria-label=\"Read more about &ldquo;Cours de dessin ados d\u00e9butants\/\/ Samedi de 10h30 \u00e0 12h&rdquo;\" rel=\"nofollow\">Read more<\/a><\/div><\/div><\/div><\/div><\/div><div class=\"mkdf-pl-text-wrapper\"><div class=\"mkdf-pl-author-holder\"><a href=\"https:\/\/lecoindesarts.be\/index.php\/author\/celine-friand\/\">Le Coin des Arts<\/a><\/div><h5 class=\"mkdf-product-list-title\"><a href=\"https:\/\/lecoindesarts.be\/index.php\/product\/cours-de-dessin-ados-samedi-de-10h30-a-12h\/\">Cours de dessin ados d\u00e9butants\/\/ Samedi de 10h30 \u00e0 12h<\/a><\/h5>\n\t<span class=\"price\"><span class=\"woocommerce-Price-amount amount\"><bdi><span class=\"woocommerce-Price-currencySymbol\">&euro;<\/span>657,00<\/bdi><\/span><\/span>\n<\/div><a href=\"https:\/\/lecoindesarts.be\/index.php\/product\/cours-de-dessin-ados-samedi-de-10h30-a-12h\/\" class=\"woocommerce-LoopProduct-link woocommerce-loop-product__link\"><\/a><\/li><li class=\"product type-product post-1269 status-publish last outofstock product_cat-celine-friand product_cat-cours-dessin-ado has-post-thumbnail taxable shipping-taxable purchasable product-type-simple\">\n\t<div class=\"mkdf-pl-inner\"><div class=\"mkdf-pl-image\"><span class=\"mkdf-sold\">Sold<\/span><div class=\"mkdf-pl-text\"><div class=\"mkdf-pl-text-outer\"><div class=\"mkdf-pl-text-inner\"><a href=\"https:\/\/lecoindesarts.be\/index.php\/product\/cours-de-dessin-adolescents-vendredi-de-16h-a-17h30-copie\/\" data-quantity=\"1\" class=\"button wp-element-button product_type_simple\" data-product_id=\"1269\" data-product_sku=\"\" aria-label=\"Read more about &ldquo;Cours de dessin ados d\u00e9butants\/\/ Vendredi de 16h \u00e0 17h30&rdquo;\" rel=\"nofollow\">Read more<\/a><\/div><\/div><\/div><\/div><\/div><div class=\"mkdf-pl-text-wrapper\"><div class=\"mkdf-pl-author-holder\"><a href=\"https:\/\/lecoindesarts.be\/index.php\/author\/celine-friand\/\">Le Coin des Arts<\/a><\/div><h5 class=\"mkdf-product-list-title\"><a href=\"https:\/\/lecoindesarts.be\/index.php\/product\/cours-de-dessin-adolescents-vendredi-de-16h-a-17h30-copie\/\">Cours de dessin ados d\u00e9butants\/\/ Vendredi de 16h \u00e0 17h30<\/a><\/h5>\n\t<span class=\"price\"><span class=\"woocommerce-Price-amount amount\"><bdi><span class=\"woocommerce-Price-currencySymbol\">&euro;<\/span>657,00<\/bdi><\/span><\/span>\n<\/div><a href=\"https:\/\/lecoindesarts.be\/index.php\/product\/cours-de-dessin-adolescents-vendredi-de-16h-a-17h30-copie\/\" class=\"woocommerce-LoopProduct-link woocommerce-loop-product__link\"><\/a><\/li><li class=\"product type-product post-1868 status-publish first outofstock product_cat-celine-friand product_cat-cours-dessin-ado has-post-thumbnail taxable shipping-taxable purchasable product-type-simple\">\n\t<div class=\"mkdf-pl-inner\"><div class=\"mkdf-pl-image\"><span class=\"mkdf-sold\">Sold<\/span><div class=\"mkdf-pl-text\"><div class=\"mkdf-pl-text-outer\"><div class=\"mkdf-pl-text-inner\"><a href=\"https:\/\/lecoindesarts.be\/index.php\/product\/cours-de-dessin-enfant-mercredi-14h-a-15h\/\" data-quantity=\"1\" class=\"button wp-element-button product_type_simple\" data-product_id=\"1868\" data-product_sku=\"\" aria-label=\"Read more about &ldquo;Cours de dessin Enfants\/\/ Mercredi de 14h \u00e0 15h&rdquo;\" rel=\"nofollow\">Read more<\/a><\/div><\/div><\/div><\/div><\/div><div class=\"mkdf-pl-text-wrapper\"><div class=\"mkdf-pl-author-holder\"><a href=\"https:\/\/lecoindesarts.be\/index.php\/author\/celine-friand\/\">Le Coin des Arts<\/a><\/div><h5 class=\"mkdf-product-list-title\"><a href=\"https:\/\/lecoindesarts.be\/index.php\/product\/cours-de-dessin-enfant-mercredi-14h-a-15h\/\">Cours de dessin Enfants\/\/ Mercredi de 14h \u00e0 15h<\/a><\/h5>\n\t<span class=\"price\"><span class=\"woocommerce-Price-amount amount\"><bdi><span class=\"woocommerce-Price-currencySymbol\">&euro;<\/span>459,00<\/bdi><\/span><\/span>\n<\/div><a href=\"https:\/\/lecoindesarts.be\/index.php\/product\/cours-de-dessin-enfant-mercredi-14h-a-15h\/\" class=\"woocommerce-LoopProduct-link woocommerce-loop-product__link\"><\/a><\/li><\/ul>\n<\/div>[\/vc_column][\/vc_row][vc_row][vc_column][vc_column_text]<\/p>\n<h3><\/h3>\n<h3>Vous pourriez \u00eatre int\u00e9ress\u00e9 par&#8230;<\/h3>\n<p>&nbsp;<\/p>\n<p>[\/vc_column_text][\/vc_column][\/vc_row][vc_row][vc_column]<div class=\"woocommerce columns-6 \"><ul class=\"products columns-6\">\n<li class=\"product type-product post-510 status-publish first outofstock product_cat-celine-friand product_cat-stage-manga has-post-thumbnail virtual purchasable product-type-simple\">\n\t<div class=\"mkdf-pl-inner\"><div class=\"mkdf-pl-image\"><span class=\"mkdf-sold\">Sold<\/span><div class=\"mkdf-pl-text\"><div class=\"mkdf-pl-text-outer\"><div class=\"mkdf-pl-text-inner\"><a href=\"https:\/\/lecoindesarts.be\/index.php\/product\/stage-manga-printemps-2\/\" data-quantity=\"1\" class=\"button wp-element-button product_type_simple\" data-product_id=\"510\" data-product_sku=\"\" aria-label=\"Read more about &ldquo;Printemps (du 28\/04 au 01\/05\/2026) 4 jours&rdquo;\" rel=\"nofollow\">Read more<\/a><\/div><\/div><\/div><\/div><\/div><div class=\"mkdf-pl-text-wrapper\"><div class=\"mkdf-pl-author-holder\"><a href=\"https:\/\/lecoindesarts.be\/index.php\/author\/celine-friand\/\">Le Coin des Arts<\/a><\/div><h5 class=\"mkdf-product-list-title\"><a href=\"https:\/\/lecoindesarts.be\/index.php\/product\/stage-manga-printemps-2\/\">Printemps (du 28\/04 au 01\/05\/2026) 4 jours<\/a><\/h5>\n\t<span class=\"price\"><span class=\"woocommerce-Price-amount amount\"><bdi><span class=\"woocommerce-Price-currencySymbol\">&euro;<\/span>119,00<\/bdi><\/span><\/span>\n<\/div><a href=\"https:\/\/lecoindesarts.be\/index.php\/product\/stage-manga-printemps-2\/\" class=\"woocommerce-LoopProduct-link woocommerce-loop-product__link\"><\/a><\/li><li class=\"product type-product post-732 status-publish outofstock product_cat-celine-friand product_cat-stage-manga has-post-thumbnail virtual taxable purchasable product-type-simple\">\n\t<div class=\"mkdf-pl-inner\"><div class=\"mkdf-pl-image\"><span class=\"mkdf-sold\">Sold<\/span><div class=\"mkdf-pl-text\"><div class=\"mkdf-pl-text-outer\"><div class=\"mkdf-pl-text-inner\"><a href=\"https:\/\/lecoindesarts.be\/index.php\/product\/stage-manga-detente\/\" data-quantity=\"1\" class=\"button wp-element-button product_type_simple\" data-product_id=\"732\" data-product_sku=\"\" aria-label=\"Read more about &ldquo;D\u00e9tente (du 17 au 20\/02\/2026) 4 jours&rdquo;\" rel=\"nofollow\">Read more<\/a><\/div><\/div><\/div><\/div><\/div><div class=\"mkdf-pl-text-wrapper\"><div class=\"mkdf-pl-author-holder\"><a href=\"https:\/\/lecoindesarts.be\/index.php\/author\/celine-friand\/\">Le Coin des Arts<\/a><\/div><h5 class=\"mkdf-product-list-title\"><a href=\"https:\/\/lecoindesarts.be\/index.php\/product\/stage-manga-detente\/\">D\u00e9tente (du 17 au 20\/02\/2026) 4 jours<\/a><\/h5>\n\t<span class=\"price\"><span class=\"woocommerce-Price-amount amount\"><bdi><span class=\"woocommerce-Price-currencySymbol\">&euro;<\/span>119,00<\/bdi><\/span><\/span>\n<\/div><a href=\"https:\/\/lecoindesarts.be\/index.php\/product\/stage-manga-detente\/\" class=\"woocommerce-LoopProduct-link woocommerce-loop-product__link\"><\/a><\/li><li class=\"product type-product post-733 status-publish outofstock product_cat-celine-friand product_cat-stage-manga has-post-thumbnail virtual taxable purchasable product-type-simple\">\n\t<div class=\"mkdf-pl-inner\"><div class=\"mkdf-pl-image\"><span class=\"mkdf-sold\">Sold<\/span><div class=\"mkdf-pl-text\"><div class=\"mkdf-pl-text-outer\"><div class=\"mkdf-pl-text-inner\"><a href=\"https:\/\/lecoindesarts.be\/index.php\/product\/stage-manga-printemps\/\" data-quantity=\"1\" class=\"button wp-element-button product_type_simple\" data-product_id=\"733\" data-product_sku=\"\" aria-label=\"Read more about &ldquo;Toussaint (du 28 au 31\/10) 4 jours&rdquo;\" rel=\"nofollow\">Read more<\/a><\/div><\/div><\/div><\/div><\/div><div class=\"mkdf-pl-text-wrapper\"><div class=\"mkdf-pl-author-holder\"><a href=\"https:\/\/lecoindesarts.be\/index.php\/author\/celine-friand\/\">Le Coin des Arts<\/a><\/div><h5 class=\"mkdf-product-list-title\"><a href=\"https:\/\/lecoindesarts.be\/index.php\/product\/stage-manga-printemps\/\">Toussaint (du 28 au 31\/10) 4 jours<\/a><\/h5>\n\t<span class=\"price\"><span class=\"woocommerce-Price-amount amount\"><bdi><span class=\"woocommerce-Price-currencySymbol\">&euro;<\/span>119,00<\/bdi><\/span><\/span>\n<\/div><a href=\"https:\/\/lecoindesarts.be\/index.php\/product\/stage-manga-printemps\/\" class=\"woocommerce-LoopProduct-link woocommerce-loop-product__link\"><\/a><\/li><\/ul>\n<\/div>[\/vc_column][\/vc_row]<\/p>\n","protected":false},"excerpt":{"rendered":"<p>[vc_row gap=\u00a0\u00bb15&Prime; svg_background=\u00a0\u00bb%5B%7B%7D%5D\u00a0\u00bb][vc_column][vc_column_text] Nos cours de dessin pour enfants &amp; ados&#8230; [\/vc_column_text][\/vc_column][\/vc_row][vc_row][vc_column][vc_column_text] Vous pourriez \u00eatre int\u00e9ress\u00e9 par&#8230; &nbsp; [\/vc_column_text][\/vc_column][\/vc_row][vc_row][vc_column][\/vc_column][\/vc_row]<\/p>\n","protected":false},"author":1,"featured_media":0,"parent":0,"menu_order":0,"comment_status":"closed","ping_status":"closed","template":"","meta":{"footnotes":""},"class_list":["post-693","page","type-page","status-publish","hentry"],"_links":{"self":[{"href":"https:\/\/lecoindesarts.be\/index.php\/wp-json\/wp\/v2\/pages\/693","targetHints":{"allow":["GET"]}}],"collection":[{"href":"https:\/\/lecoindesarts.be\/index.php\/wp-json\/wp\/v2\/pages"}],"about":[{"href":"https:\/\/lecoindesarts.be\/index.php\/wp-json\/wp\/v2\/types\/page"}],"author":[{"embeddable":true,"href":"https:\/\/lecoindesarts.be\/index.php\/wp-json\/wp\/v2\/users\/1"}],"replies":[{"embeddable":true,"href":"https:\/\/lecoindesarts.be\/index.php\/wp-json\/wp\/v2\/comments?post=693"}],"version-history":[{"count":11,"href":"https:\/\/lecoindesarts.be\/index.php\/wp-json\/wp\/v2\/pages\/693\/revisions"}],"predecessor-version":[{"id":1911,"href":"https:\/\/lecoindesarts.be\/index.php\/wp-json\/wp\/v2\/pages\/693\/revisions\/1911"}],"wp:attachment":[{"href":"https:\/\/lecoindesarts.be\/index.php\/wp-json\/wp\/v2\/media?parent=693"}],"curies":[{"name":"wp","href":"https:\/\/api.w.org\/{rel}","templated":true}]}}