{"id":2,"date":"2020-07-15T10:18:22","date_gmt":"2020-07-15T08:18:22","guid":{"rendered":"http:\/\/lecoindesarts.be\/?page_id=2"},"modified":"2026-03-13T13:25:52","modified_gmt":"2026-03-13T12:25:52","slug":"bienvenu","status":"publish","type":"page","link":"https:\/\/lecoindesarts.be\/","title":{"rendered":"Accueil"},"content":{"rendered":"<p>[vc_row][vc_column][vc_hoverbox image=\u00a0\u00bb2168&Prime; primary_title=\u00a0\u00bb\u00a0\u00bb hover_title=\u00a0\u00bbChers \u00e9l\u00e8ves, chers clients, je vais malheureusement fermer ma boutique de Braine-l&rsquo;Alleud tr\u00e8s prochainement. Pour les cours, tout d\u00e9pendra du job que je trouverai, mais je ferai tout pour en donner encore. Merci pour votre compr\u00e9hension. \u00a0\u00bb hover_background_color=\u00a0\u00bbturquoise\u00a0\u00bb use_custom_fonts_primary_title=\u00a0\u00bbtrue\u00a0\u00bb use_custom_fonts_hover_title=\u00a0\u00bbtrue\u00a0\u00bb]C\u00e9line Friand[\/vc_hoverbox][\/vc_column][\/vc_row][vc_row svg_background=\u00a0\u00bb%5B%7B%7D%5D\u00a0\u00bb][vc_column][vc_column_text]<\/p>\n<h3><\/h3>\n<h3><\/h3>\n<p>[\/vc_column_text][\/vc_column][\/vc_row][vc_row][vc_column][vc_cta h2=\u00a0\u00bbBienvenue dans un Atelier pas comme les autres !\u00a0\u00bb txt_align=\u00a0\u00bbjustify\u00a0\u00bb color=\u00a0\u00bbturquoise\u00a0\u00bb use_custom_fonts_h4=\u00a0\u00bbtrue\u00a0\u00bb]<\/p>\n<h4><img loading=\"lazy\" decoding=\"async\" class=\"size-medium wp-image-9 alignleft\" src=\"http:\/\/lecoindesarts.be\/wp-content\/uploads\/2020\/08\/Logo_celine-300x168.jpg\" alt=\"Ateliers et cours en plein art!\" width=\"300\" height=\"168\" srcset=\"https:\/\/lecoindesarts.be\/wp-content\/uploads\/2020\/08\/Logo_celine-300x168.jpg 300w, https:\/\/lecoindesarts.be\/wp-content\/uploads\/2020\/08\/Logo_celine.jpg 512w\" sizes=\"auto, (max-width: 300px) 100vw, 300px\" \/><\/h4>\n<h4 class=\"p1\">Bienvenue dans mon atelier ou je vous aiderai \u00e0 acqu\u00e9rir les bases du dessin acad\u00e9mique pour petits et grands, les bases de l&rsquo;aquarelle et le d\u00e9veloppement personnel lors de divers stages et ateliers. Artiste passionn\u00e9e, mon but est de partager avec vous mes connaissances techniques acquises au fil des ann\u00e9es dans une ambiance familiale et d\u00e9contract\u00e9e.<\/h4>\n<h4 class=\"p1\"><!--more--><\/h4>\n<h4 class=\"p1\">Profitez \u00e9galement d&rsquo;une s\u00e9lection d&rsquo;article Beaux-Arts dans ma boutique sp\u00e9cialis\u00e9e du mardi au vendredi de 14h \u00e0 18h et le samedi de 10h \u00e0 17h.<\/h4>\n<p>[\/vc_cta][\/vc_column][\/vc_row][vc_row disable_element=\u00a0\u00bbyes\u00a0\u00bb svg_background=\u00a0\u00bb%5B%7B%7D%5D\u00a0\u00bb][vc_column]<div class=\"woocommerce columns-4 \"><ul class=\"products columns-4\">\n<li class=\"product type-product post-510 status-publish first outofstock product_cat-celine-friand product_cat-stage-manga has-post-thumbnail virtual purchasable product-type-simple\">\n\t<div class=\"mkdf-pl-inner\"><div class=\"mkdf-pl-image\"><span class=\"mkdf-sold\">Sold<\/span><div class=\"mkdf-pl-text\"><div class=\"mkdf-pl-text-outer\"><div class=\"mkdf-pl-text-inner\"><a href=\"https:\/\/lecoindesarts.be\/index.php\/product\/stage-manga-printemps-2\/\" data-quantity=\"1\" class=\"button wp-element-button product_type_simple\" data-product_id=\"510\" data-product_sku=\"\" aria-label=\"Read more about &ldquo;Printemps (du 28\/04 au 01\/05\/2026) 4 jours&rdquo;\" rel=\"nofollow\">Read more<\/a><\/div><\/div><\/div><\/div><\/div><div class=\"mkdf-pl-text-wrapper\"><div class=\"mkdf-pl-author-holder\"><a href=\"https:\/\/lecoindesarts.be\/index.php\/author\/celine-friand\/\">Le Coin des Arts<\/a><\/div><h5 class=\"mkdf-product-list-title\"><a href=\"https:\/\/lecoindesarts.be\/index.php\/product\/stage-manga-printemps-2\/\">Printemps (du 28\/04 au 01\/05\/2026) 4 jours<\/a><\/h5>\n\t<span class=\"price\"><span class=\"woocommerce-Price-amount amount\"><bdi><span class=\"woocommerce-Price-currencySymbol\">&euro;<\/span>119,00<\/bdi><\/span><\/span>\n<\/div><a href=\"https:\/\/lecoindesarts.be\/index.php\/product\/stage-manga-printemps-2\/\" class=\"woocommerce-LoopProduct-link woocommerce-loop-product__link\"><\/a><\/li><\/ul>\n<\/div>[\/vc_column][\/vc_row][vc_row svg_background=\u00a0\u00bb%5B%7B%7D%5D\u00a0\u00bb][vc_column][vc_column_text]<\/p>\n<h3><\/h3>\n<h3>En savoir plus sur l&rsquo;artiste<\/h3>\n<p>[\/vc_column_text][\/vc_column][\/vc_row][vc_row][vc_column]<div class=\"woocommerce columns-4 \"><ul class=\"products columns-4\">\n<li class=\"product type-product post-876 status-publish first instock product_cat-artiste product_cat-celine-friand has-post-thumbnail taxable shipping-taxable product-type-simple\">\n\t<div class=\"mkdf-pl-inner\"><div class=\"mkdf-pl-image\"><div class=\"mkdf-pl-text\"><div class=\"mkdf-pl-text-outer\"><div class=\"mkdf-pl-text-inner\"><a href=\"https:\/\/lecoindesarts.be\/index.php\/product\/celine-friandart\/\" data-quantity=\"1\" class=\"button wp-element-button product_type_simple\" data-product_id=\"876\" data-product_sku=\"\" aria-label=\"Read more about &ldquo;C\u00e9line Friand&#039;Art&rdquo;\" rel=\"nofollow\">Read more<\/a><\/div><\/div><\/div><\/div><\/div><div class=\"mkdf-pl-text-wrapper\"><div class=\"mkdf-pl-author-holder\"><a href=\"https:\/\/lecoindesarts.be\/index.php\/author\/celine-friand\/\">Le Coin des Arts<\/a><\/div><h5 class=\"mkdf-product-list-title\"><a href=\"https:\/\/lecoindesarts.be\/index.php\/product\/celine-friandart\/\">C\u00e9line Friand&rsquo;Art<\/a><\/h5>\n<\/div><a href=\"https:\/\/lecoindesarts.be\/index.php\/product\/celine-friandart\/\" class=\"woocommerce-LoopProduct-link woocommerce-loop-product__link\"><\/a><\/li><\/ul>\n<\/div>[\/vc_column][\/vc_row]<\/p>\n","protected":false},"excerpt":{"rendered":"<p>[vc_row][vc_column][vc_hoverbox image=\u00a0\u00bb2168&Prime; primary_title=\u00a0\u00bb\u00a0\u00bb hover_title=\u00a0\u00bbChers \u00e9l\u00e8ves, chers clients, je vais malheureusement fermer ma boutique de Braine-l&rsquo;Alleud tr\u00e8s prochainement. Pour les cours, tout d\u00e9pendra du job que je trouverai, mais je ferai tout pour en donner encore. Merci pour votre compr\u00e9hension. \u00a0\u00bb [&hellip;]<\/p>\n","protected":false},"author":2,"featured_media":0,"parent":0,"menu_order":0,"comment_status":"closed","ping_status":"open","template":"","meta":{"footnotes":""},"class_list":["post-2","page","type-page","status-publish","hentry"],"_links":{"self":[{"href":"https:\/\/lecoindesarts.be\/index.php\/wp-json\/wp\/v2\/pages\/2","targetHints":{"allow":["GET"]}}],"collection":[{"href":"https:\/\/lecoindesarts.be\/index.php\/wp-json\/wp\/v2\/pages"}],"about":[{"href":"https:\/\/lecoindesarts.be\/index.php\/wp-json\/wp\/v2\/types\/page"}],"author":[{"embeddable":true,"href":"https:\/\/lecoindesarts.be\/index.php\/wp-json\/wp\/v2\/users\/2"}],"replies":[{"embeddable":true,"href":"https:\/\/lecoindesarts.be\/index.php\/wp-json\/wp\/v2\/comments?post=2"}],"version-history":[{"count":103,"href":"https:\/\/lecoindesarts.be\/index.php\/wp-json\/wp\/v2\/pages\/2\/revisions"}],"predecessor-version":[{"id":2169,"href":"https:\/\/lecoindesarts.be\/index.php\/wp-json\/wp\/v2\/pages\/2\/revisions\/2169"}],"wp:attachment":[{"href":"https:\/\/lecoindesarts.be\/index.php\/wp-json\/wp\/v2\/media?parent=2"}],"curies":[{"name":"wp","href":"https:\/\/api.w.org\/{rel}","templated":true}]}}